{"id":16,"date":"2013-08-21T15:40:16","date_gmt":"2013-08-21T13:40:16","guid":{"rendered":"http:\/\/www.dikon.biz\/wordpress\/?page_id=16"},"modified":"2016-12-17T16:53:37","modified_gmt":"2016-12-17T14:53:37","slug":"beratung","status":"publish","type":"page","link":"https:\/\/www.dikon.biz\/index.php\/beratung\/","title":{"rendered":"Beratung"},"content":{"rendered":"<h2>Fachwissen f\u00fcr Ihr Unternehmen<\/h2>\n<p>DIKON unterst\u00fctzt Sie mit Dienstleistung und Beratung. Wir kennen die Praxis aus jahrlanger industrieller und abfallwirtschaftlicher Erfahrung. Im Zusammenspiel von Wissen und Kreativit\u00e4t kann DIKON Sie in folgenden Bereichen unterst\u00fctzen:<\/p>\n<ul>\n<li>Arbeitsschutz, Beratung und Dienstleistungen<br \/>\nArbeiten in kontaminierten Bereichen \u2013 Sachkunde nach DGUV 101-004, Anlage 6 A \u2013 fr\u00fchere Bezeichnung\u00a0 BRG 128<\/li>\n<li>Administrative, verwaltungstechnische, operative und informelle Dienstleistungen<\/li>\n<li>Genehmigungsverfahren (u.a. Notifizierung bei grenz\u00fcberschreitender Abfallverbringung)<\/li>\n<li>Bundesweite Auswahl von Entsorgungsanlagen je nach spezifischem Bedarf<\/li>\n<li>Erl\u00f6s- und Kostenoptimierung im Entsorgungsbereich<\/li>\n<li>Unterst\u00fctzung oder Gestellung des Betriebsbeauftragten f\u00fcr Abfall<\/li>\n<\/ul>\n<h2>Nachhaltigkeit f\u00fcr Ihr Betriebsergebnis<\/h2>\n<p>Was bedeutet nachhaltige unternehmerische T\u00e4tigkeit? Es geht um Optimierung von Produkt und Produktion, um Kostenreduzierung und Steigerung der Ressourcenproduktivit\u00e4t, w\u00e4hrend gleichzeitig Gesch\u00e4ftsrisiken vermindert und die Umwelt gesch\u00fctzt werden. DIKON erschlie\u00dft Wege zu nachhaltigem Wirtschaften.<\/p>\n<h2>\u00d6kologische Nachhaltigkeit<\/h2>\n<p>Im Hinblick auf \u00f6kologische Nachhaltigkeit sollten biogene Abf\u00e4lle auf h\u00f6herwertige Verwendungsm\u00f6glichkeiten gepr\u00fcft werden. Diese Abf\u00e4lle teurer Rohstoffe sind energiereich. DIKON untersuchte im Rahmen einer Machbarkeitsstudie alternative Verfahren, die W\u00e4rmeenergie und Strom produzieren. Die Umsetzung ist erfolgreich verlaufen, aus der Energieausbeute l\u00e4sst sich die Wirtschaftlichkeit des Verfahrens ableiten.<\/p>\n<h2>Betriebliche Nachhaltigkeit<\/h2>\n<p>In einem Betrieb fallen hohe Mengen belasteten Abwassers an, das in einer betriebseigenen Kl\u00e4ranlage behandelt wird. Diese Anlage ist nicht ausgelastet. Um einen nachhaltigen Betrieb der Kl\u00e4ranlage zu gew\u00e4hrleisten und zur betriebswirtschaftlichen Optimierung werden M\u00f6glichkeiten recherchiert, die Kl\u00e4ranlage durch externe Abwassermengen auszulasten.<\/p>\n","protected":false},"excerpt":{"rendered":"<p> [&hellip;]<\/p>\n","protected":false},"author":1,"featured_media":0,"parent":0,"menu_order":0,"comment_status":"closed","ping_status":"closed","template":"","meta":{"footnotes":""},"class_list":["post-16","page","type-page","status-publish","hentry"],"_links":{"self":[{"href":"https:\/\/www.dikon.biz\/index.php\/wp-json\/wp\/v2\/pages\/16","targetHints":{"allow":["GET"]}}],"collection":[{"href":"https:\/\/www.dikon.biz\/index.php\/wp-json\/wp\/v2\/pages"}],"about":[{"href":"https:\/\/www.dikon.biz\/index.php\/wp-json\/wp\/v2\/types\/page"}],"author":[{"embeddable":true,"href":"https:\/\/www.dikon.biz\/index.php\/wp-json\/wp\/v2\/users\/1"}],"replies":[{"embeddable":true,"href":"https:\/\/www.dikon.biz\/index.php\/wp-json\/wp\/v2\/comments?post=16"}],"version-history":[{"count":3,"href":"https:\/\/www.dikon.biz\/index.php\/wp-json\/wp\/v2\/pages\/16\/revisions"}],"predecessor-version":[{"id":391,"href":"https:\/\/www.dikon.biz\/index.php\/wp-json\/wp\/v2\/pages\/16\/revisions\/391"}],"wp:attachment":[{"href":"https:\/\/www.dikon.biz\/index.php\/wp-json\/wp\/v2\/media?parent=16"}],"curies":[{"name":"wp","href":"https:\/\/api.w.org\/{rel}","templated":true}]}}