{"id":356,"date":"2016-12-17T16:10:55","date_gmt":"2016-12-17T14:10:55","guid":{"rendered":"http:\/\/www.dikon.biz\/?page_id=356"},"modified":"2017-01-15T16:04:23","modified_gmt":"2017-01-15T14:04:23","slug":"unsere-kompetenz","status":"publish","type":"page","link":"https:\/\/www.dikon.biz\/index.php\/unsere-kompetenz\/","title":{"rendered":"Unsere Kompetenz"},"content":{"rendered":"<h2>Hochspezialisiertes Fachwissen f\u00fcr Ihr Unternehmen:<\/h2>\n<p align=\"justify\">Unternehmen arbeiten im Umweltbereich an vielen Projekten. Doch oft mangelt es im Tagesgesch\u00e4ft an Zeit, oder es fehlen geeignete Fachkr\u00e4fte. DIKON unterst\u00fctzt Sie projektbezogen mit wertvoller Dienstleistung und Beratung, auf Wunsch auch in Ihrem Unternehmen. Wir kennen die Praxis aus jahrlanger industrieller und abfallwirtschaftlicher Erfahrung. Im Zusammenspiel von Wissen und Kreativit\u00e4t kann DIKON Sie in folgenden Bereichen unterst\u00fctzen:<\/p>\n<ul>\n<li>Administrative, verwaltungstechnische, operative und informelle Dienstleistungen<\/li>\n<li>Genehmigungsverfahren und elektronisches Abfallnachweisverfahren<\/li>\n<li>Bundesweite Auswahl von Entsorgungsanlagen je nach spezifischem Bedarf<\/li>\n<li>Erl\u00f6s- und Kostenoptimierung im Entsorgungsbereich<\/li>\n<li>Unterst\u00fctzung oder Gestellung des Betriebsbeauftragten f\u00fcr Abfall<\/li>\n<\/ul>\n<h2>Nachhaltigkeit f\u00fcr Ihr Betriebsergebnis<\/h2>\n<p>Was bedeutet nachhaltige unternehmerische T\u00e4tigkeit? Es geht um Optimierung von Produkt und Produktion, um Kostenreduzierung und Steigerung der Ressourcenproduktivit\u00e4t, w\u00e4hrend gleichzeitig Gesch\u00e4ftsrisiken vermindert und die Umwelt gesch\u00fctzt werden. DIKON erschlie\u00dft Wege zu nachhaltigem Wirtschaften.<\/p>\n<h2>\u00d6kologische Nachhaltigkeit<\/h2>\n<p>Im Hinblick auf \u00f6kologische Nachhaltigkeit sollten biogene Abf\u00e4lle auf h\u00f6herwertige Verwendungsm\u00f6glichkeiten gepr\u00fcft werden. Diese Abf\u00e4lle teurer Rohstoffe sind energiereich. DIKON untersuchte im Rahmen einer Machbarkeitsstudie alternative Verfahren, die W\u00e4rmeenergie und Strom produzieren. Die Umsetzung ist erfolgreich verlaufen, aus der Energieausbeute l\u00e4sst sich die Wirtschaftlichkeit des Verfahrens ableiten.<\/p>\n<h2>Betriebliche Nachhaltigkeit<\/h2>\n<p>In einem Betrieb fallen hohe Mengen belasteten Abwassers an, das in einer betriebseigenen Kl\u00e4ranlage behandelt wird. Diese Anlage ist nicht ausgelastet. Um einen nachhaltigen Betrieb der Kl\u00e4ranlage zu gew\u00e4hrleisten und zur betriebswirtschaftlichen Optimierung werden M\u00f6glichkeiten recherchiert, die Kl\u00e4ranlage durch externe Abwassermengen auszulasten.<\/p>\n<h3 align=\"justify\">Haben wir Ihr Interesse geweckt? Rufen Sie uns an \u2013 wir finden optimale L\u00f6sungen f\u00fcr Ihr Unternehmen!<\/h3>\n","protected":false},"excerpt":{"rendered":"<p> [&hellip;]<\/p>\n","protected":false},"author":1,"featured_media":0,"parent":0,"menu_order":0,"comment_status":"closed","ping_status":"closed","template":"","meta":{"footnotes":""},"class_list":["post-356","page","type-page","status-publish","hentry"],"_links":{"self":[{"href":"https:\/\/www.dikon.biz\/index.php\/wp-json\/wp\/v2\/pages\/356","targetHints":{"allow":["GET"]}}],"collection":[{"href":"https:\/\/www.dikon.biz\/index.php\/wp-json\/wp\/v2\/pages"}],"about":[{"href":"https:\/\/www.dikon.biz\/index.php\/wp-json\/wp\/v2\/types\/page"}],"author":[{"embeddable":true,"href":"https:\/\/www.dikon.biz\/index.php\/wp-json\/wp\/v2\/users\/1"}],"replies":[{"embeddable":true,"href":"https:\/\/www.dikon.biz\/index.php\/wp-json\/wp\/v2\/comments?post=356"}],"version-history":[{"count":8,"href":"https:\/\/www.dikon.biz\/index.php\/wp-json\/wp\/v2\/pages\/356\/revisions"}],"predecessor-version":[{"id":431,"href":"https:\/\/www.dikon.biz\/index.php\/wp-json\/wp\/v2\/pages\/356\/revisions\/431"}],"wp:attachment":[{"href":"https:\/\/www.dikon.biz\/index.php\/wp-json\/wp\/v2\/media?parent=356"}],"curies":[{"name":"wp","href":"https:\/\/api.w.org\/{rel}","templated":true}]}}