{"id":365,"date":"2016-12-17T16:25:32","date_gmt":"2016-12-17T14:25:32","guid":{"rendered":"http:\/\/www.dikon.biz\/?page_id=365"},"modified":"2016-12-17T19:26:27","modified_gmt":"2016-12-17T17:26:27","slug":"optimierte-entsorgung","status":"publish","type":"page","link":"https:\/\/www.dikon.biz\/index.php\/optimierte-entsorgung\/","title":{"rendered":"Optimierte Entsorgung"},"content":{"rendered":"<h2>Entsorgung ist teuer. Optimierte Entsorgung spart Kosten.<\/h2>\n<p>Nachhaltige Kosteneinsparungen k\u00f6nnen erzielt werden, wenn komplexe Abwasserstr\u00f6me ausgeschleust und extern behandelt werden. Wir \u00f6ffnen Absatzwege f\u00fcr problematische Abwasserstr\u00f6me. Wirtschaftlich, langfristig belastbar und sicher.<\/p>\n<h4>Abfallstr\u00f6me verwerten<\/h4>\n<p>Entsorgungsunternehmen bieten rechtssichere L\u00f6sungen f\u00fcr alle Abfallarten an. Aber: Das Bestreben der Entsorgungsunternehmen ist stets, eigene Behandlungs- und Entsorgungsanlagen auszulasten.<\/p>\n<p>DIKON hat neue Absatzwege im industriellen Bereich ge\u00f6ffnet. Wir pr\u00fcfen, ob f\u00fcr Ihre Abf\u00e4lle M\u00f6glichkeiten einer alternativen Nutzung bestehen. Die Reduzierung der Entsorgungskosten kann erheblich sein. Einige beispielhafte L\u00f6sungen, die wir f\u00fcr unsere Kunden realisiert haben:<\/p>\n<ul>\n<li>F\u00fcr Abwasser mit hohen organischen Belastungen (CSB-Werte bis zu 800.000 mg\/l) haben wir eine Verwertung im industriellen Prozesseinsatz gefunden<\/li>\n<li>Eisenhaltige Wasserwerksschl\u00e4mme werden als chemisches Additiv zur Schwefeleliminierung in Bioreaktoren eingesetzt<\/li>\n<li>Chemische Verbindungen aus einem technischen Anwendungsbereich gelangen als Kohlenstoffadditiv in Fermenterprozesse<\/li>\n<li>S\u00e4uren, teilweise mit vorhandenen Komplexbildnern, finden eine Verwendung in Industriekl\u00e4ranlagen im Rahmen der Prozesssteuerung<\/li>\n<\/ul>\n<h3>Haben wir Ihr Interesse geweckt? Rufen Sie uns an \u2013 wir finden optimale L\u00f6sungen f\u00fcr Ihr Unternehmen!<\/h3>\n","protected":false},"excerpt":{"rendered":"<p> [&hellip;]<\/p>\n","protected":false},"author":1,"featured_media":0,"parent":0,"menu_order":0,"comment_status":"closed","ping_status":"closed","template":"","meta":{"footnotes":""},"class_list":["post-365","page","type-page","status-publish","hentry"],"_links":{"self":[{"href":"https:\/\/www.dikon.biz\/index.php\/wp-json\/wp\/v2\/pages\/365","targetHints":{"allow":["GET"]}}],"collection":[{"href":"https:\/\/www.dikon.biz\/index.php\/wp-json\/wp\/v2\/pages"}],"about":[{"href":"https:\/\/www.dikon.biz\/index.php\/wp-json\/wp\/v2\/types\/page"}],"author":[{"embeddable":true,"href":"https:\/\/www.dikon.biz\/index.php\/wp-json\/wp\/v2\/users\/1"}],"replies":[{"embeddable":true,"href":"https:\/\/www.dikon.biz\/index.php\/wp-json\/wp\/v2\/comments?post=365"}],"version-history":[{"count":4,"href":"https:\/\/www.dikon.biz\/index.php\/wp-json\/wp\/v2\/pages\/365\/revisions"}],"predecessor-version":[{"id":428,"href":"https:\/\/www.dikon.biz\/index.php\/wp-json\/wp\/v2\/pages\/365\/revisions\/428"}],"wp:attachment":[{"href":"https:\/\/www.dikon.biz\/index.php\/wp-json\/wp\/v2\/media?parent=365"}],"curies":[{"name":"wp","href":"https:\/\/api.w.org\/{rel}","templated":true}]}}