{"id":37,"date":"2013-08-21T15:40:16","date_gmt":"2013-08-21T13:40:16","guid":{"rendered":"http:\/\/www.dikon.biz\/wordpress\/?page_id=37"},"modified":"2019-03-10T20:32:08","modified_gmt":"2019-03-10T18:32:08","slug":"partner","status":"publish","type":"page","link":"https:\/\/www.dikon.biz\/index.php\/partner\/","title":{"rendered":"DIKON"},"content":{"rendered":"<p>Gesch\u00e4ftsf\u00fchrender Gesellschafter von DIKON ist Reiner Wagner. Der Diplomingenieur mit Fachrichtung Chemie verf\u00fcgt \u00fcber umfangreiche Erfahrung in der Industrie mit den Schwerpunkten Produktion, Entwicklung und Qualit\u00e4tssicherung. Die Entsorgungswirtschaft kennt er aus einer langj\u00e4hrigen leitenden T\u00e4tigkeit in einem namhaften \u00fcberregionalen Entsorgungsunternehmen. 1996 gr\u00fcndete er sein eigenes Unternehmen. DIKON ist vor allem f\u00fcr Unternehmen t\u00e4tig, die nicht \u00fcber eigene Stabsstellen im Umweltbereich verf\u00fcgen.<\/p>\n<p>Gemeinsam mit dem Softwarepartner NETFACTORY wurden web-basierte Management-Systeme entwickelt, mit denen die kompletten abfallwirtschaftlichen Gesch\u00e4ftsprozesse von Abfall erzeugenden Unternehmen und Entsorgern abgebildet werden.<\/p>\n<p>DIKON verf\u00fcgt \u00fcber umfassende Kenntnisse aus der Entsorgungswirtschaft wie Kostenstruktur von Entsorgungsdienstleistungen oder M\u00f6glichkeiten zur Nutzung und Entsorgung industrieller Abwasser- und Abfallstr\u00f6me. Als Dienstleister \u00fcbernimmt DIKON administrative Aufgaben und Kontrollfunktionen.<\/p>\n<p align=\"justify\">Kooperationspartner von DIKON im Bereich IT \/ my<strong>nature <\/strong>ist die <a href=\"http:\/\/www.netfactory.de\" target=\"_blank\">NETFACTORY GmbH<\/a><\/p>\n<h3>Genehmigungen und Zertifikate<\/h3>\n<ul>\n<li><a href=\"https:\/\/www.dikon.biz\/wp-content\/uploads\/Zertifikat-nach-Nr.-2.7-Anlage-3-der-TRGS-519-Asbest.pdf\" target=\"_blank\">Zertifikat nach Nr. 2.7 Anlage 3 der TRGS 519 &#8211; Asbest<\/a><\/li>\n<li><a href=\"http:\/\/www.hausmarke-design.de\/Zertifikat_DGUV_101-004_Anlage_6A-BGR_128.pdf\" target=\"_blank\">DIKON Zertifikat Sachkunde nach DGUV 101-004, Anlage 6 A ( BRG128 )<\/a><\/li>\n<li><a href=\"https:\/\/www.dikon.biz\/wp-content\/uploads\/DIKON_KrWG_Genehmigung_\u00a7\u00a7_5053-54.pdf\" target=\"_blank\">DIKON Genehmigung \u00a7\u00a7 50, 53-54 KrWG<\/a><\/li>\n<li><a href=\"http:\/\/www.sachverstaendiger-wagner.com\/wp-content\/uploads\/Betriebsbeauftragter_Immissionsschutz_5_BImSchV.pdf\" target=\"_blank\">Betriebsbeauftragter fu\u0308r Immissionsschutz gema\u0308\u00df 5. BImSchV<\/a><\/li>\n<li><a href=\"http:\/\/www.sachverstaendiger-wagner.com\/wp-content\/uploads\/Betriebsbeauftragter-fuer-Abfall-AbfBeauftrV.pdf\" target=\"_blank\">Betriebsbeauftragter f\u00fcr Abfall gem\u00e4\u00df \u00a7 9 Absatz 2 AbfBeauftrV<\/a><\/li>\n<\/ul>\n","protected":false},"excerpt":{"rendered":"<p> [&hellip;]<\/p>\n","protected":false},"author":1,"featured_media":0,"parent":0,"menu_order":0,"comment_status":"closed","ping_status":"closed","template":"","meta":{"footnotes":""},"class_list":["post-37","page","type-page","status-publish","hentry"],"_links":{"self":[{"href":"https:\/\/www.dikon.biz\/index.php\/wp-json\/wp\/v2\/pages\/37","targetHints":{"allow":["GET"]}}],"collection":[{"href":"https:\/\/www.dikon.biz\/index.php\/wp-json\/wp\/v2\/pages"}],"about":[{"href":"https:\/\/www.dikon.biz\/index.php\/wp-json\/wp\/v2\/types\/page"}],"author":[{"embeddable":true,"href":"https:\/\/www.dikon.biz\/index.php\/wp-json\/wp\/v2\/users\/1"}],"replies":[{"embeddable":true,"href":"https:\/\/www.dikon.biz\/index.php\/wp-json\/wp\/v2\/comments?post=37"}],"version-history":[{"count":13,"href":"https:\/\/www.dikon.biz\/index.php\/wp-json\/wp\/v2\/pages\/37\/revisions"}],"predecessor-version":[{"id":475,"href":"https:\/\/www.dikon.biz\/index.php\/wp-json\/wp\/v2\/pages\/37\/revisions\/475"}],"wp:attachment":[{"href":"https:\/\/www.dikon.biz\/index.php\/wp-json\/wp\/v2\/media?parent=37"}],"curies":[{"name":"wp","href":"https:\/\/api.w.org\/{rel}","templated":true}]}}