{"id":45,"date":"2013-08-21T15:40:16","date_gmt":"2013-08-21T13:40:16","guid":{"rendered":"http:\/\/www.dikon.biz\/wordpress\/?page_id=45"},"modified":"2016-12-17T19:32:00","modified_gmt":"2016-12-17T17:32:00","slug":"software-fuer-entsorgungsdienstleister","status":"publish","type":"page","link":"https:\/\/www.dikon.biz\/index.php\/software-fuer-entsorgungsdienstleister\/","title":{"rendered":"Software f\u00fcr Entsorgungsdienstleister"},"content":{"rendered":"<h2 align=\"justify\">\u00a0my<strong>nature<\/strong>\u00a0|\u00a0<strong>partner<\/strong>: Software f\u00fcr Entsorgungsdienstleister<\/h2>\n<p align=\"justify\">In der Abfall- und Recyclingwirtschaft ist modernste Entsorgungstechnik allein nicht mehr zukunftsweisend. Wachsende administrative Aufgaben f\u00fchren zu gr\u00f6\u00dferem Verwaltungsaufwand und damit auch h\u00f6heren Kosten. Die L\u00fccke zwischen technischer und administrativer Leistungsf\u00e4higkeit muss durch leistungsf\u00e4hige IT-Systeme \u00a0geschlossen werden.<\/p>\n<p align=\"justify\">my<strong>nature<\/strong>\u00a0|\u00a0<strong>partner<\/strong> ist eine Anwendung, die alle Anforderungen eines Entsorgungsunternehmens an ein e-Managementsystem erf\u00fcllt.<\/p>\n<ul>\n<li>my<strong>nature<\/strong>\u00a0|\u00a0<strong>partner<\/strong>\u00a0bildet den gesamten Gesch\u00e4ftsprozess ohne \u201eMedienbr\u00fcche\u201c ab. Datenfehler entfallen. Alle Gesch\u00e4ftsfunktionen entlang der Verarbeitungskette (Lieferschein, Fuhrpark- u. Anlagenverwaltung, eANV Portalfunktion, etc.) sind integriert. Die Prozesse werden effektiver abgewickelt.<\/li>\n<li>Neu hinzukommende Betriebsst\u00e4tten, Portalnutzer oder technische Ger\u00e4te (z.B. Waagen) k\u00f6nnen problemlos integriert werden. my<strong>nature<\/strong>\u00a0|\u00a0<strong>partner<\/strong>\u00a0ist web-basiert. Es m\u00fcssen keine local clients installiert werden. Das bedeutet eine durchg\u00e4ngige Plattform, keine zus\u00e4tzlichen Kostenaufwendungen.<\/li>\n<li>my<strong>nature<\/strong>\u00a0|\u00a0<strong>partner<\/strong>\u00a0ist zukunftsf\u00e4hig. Der Anwender entscheidet, zu welchem Zeitpunkt das System mit welchem Modul erg\u00e4nzt wird, z.B. elektronischem Lieferschein oder elektronischer Rechnung.<\/li>\n<li>\u00dcber die Portalfunktion ist man bedarfsorientiert in der Lage, mit Dritten zu kommunizieren. Auftr\u00e4ge, Dokumentationen und Daten werden \u00fcber diese Funktionalit\u00e4t ausgetauscht.<\/li>\n<\/ul>\n<h2>Haben Sie Fragen? Rufen Sie uns an \u2013 wir erkl\u00e4ren gerne alle Details!<\/h2>\n","protected":false},"excerpt":{"rendered":"<p> [&hellip;]<\/p>\n","protected":false},"author":1,"featured_media":0,"parent":0,"menu_order":0,"comment_status":"closed","ping_status":"closed","template":"","meta":{"footnotes":""},"class_list":["post-45","page","type-page","status-publish","hentry"],"_links":{"self":[{"href":"https:\/\/www.dikon.biz\/index.php\/wp-json\/wp\/v2\/pages\/45","targetHints":{"allow":["GET"]}}],"collection":[{"href":"https:\/\/www.dikon.biz\/index.php\/wp-json\/wp\/v2\/pages"}],"about":[{"href":"https:\/\/www.dikon.biz\/index.php\/wp-json\/wp\/v2\/types\/page"}],"author":[{"embeddable":true,"href":"https:\/\/www.dikon.biz\/index.php\/wp-json\/wp\/v2\/users\/1"}],"replies":[{"embeddable":true,"href":"https:\/\/www.dikon.biz\/index.php\/wp-json\/wp\/v2\/comments?post=45"}],"version-history":[{"count":2,"href":"https:\/\/www.dikon.biz\/index.php\/wp-json\/wp\/v2\/pages\/45\/revisions"}],"predecessor-version":[{"id":311,"href":"https:\/\/www.dikon.biz\/index.php\/wp-json\/wp\/v2\/pages\/45\/revisions\/311"}],"wp:attachment":[{"href":"https:\/\/www.dikon.biz\/index.php\/wp-json\/wp\/v2\/media?parent=45"}],"curies":[{"name":"wp","href":"https:\/\/api.w.org\/{rel}","templated":true}]}}